{"id":547,"date":"2024-11-19T09:30:57","date_gmt":"2024-11-19T08:30:57","guid":{"rendered":"https:\/\/michallasota.pl\/?page_id=547"},"modified":"2025-02-19T17:36:25","modified_gmt":"2025-02-19T16:36:25","slug":"linki","status":"publish","type":"page","link":"https:\/\/michallasota.pl\/index.php\/linki\/","title":{"rendered":"Linki"},"content":{"rendered":"<p><del>Transformacja<\/del><\/p>\n<p><a href=\"https:\/\/dron.michallasota.pl\">Mapa miejsc gdzie lata\u0142em dronem<\/a><\/p>\n<p><del>Mapa miejsc gdzie robi\u0142em zdj\u0119cia<\/del><\/p>\n<p><a href=\"https:\/\/tumbyl.michallasota.pl\">Nasze wycieczki<\/a><\/p>\n","protected":false},"excerpt":{"rendered":"<p>Transformacja Mapa miejsc gdzie lata\u0142em dronem Mapa miejsc gdzie robi\u0142em zdj\u0119cia Nasze wycieczki<\/p>\n","protected":false},"author":1,"featured_media":0,"parent":0,"menu_order":0,"comment_status":"closed","ping_status":"closed","template":"","meta":{"footnotes":""},"class_list":["post-547","page","type-page","status-publish","hentry"],"_links":{"self":[{"href":"https:\/\/michallasota.pl\/index.php\/wp-json\/wp\/v2\/pages\/547","targetHints":{"allow":["GET"]}}],"collection":[{"href":"https:\/\/michallasota.pl\/index.php\/wp-json\/wp\/v2\/pages"}],"about":[{"href":"https:\/\/michallasota.pl\/index.php\/wp-json\/wp\/v2\/types\/page"}],"author":[{"embeddable":true,"href":"https:\/\/michallasota.pl\/index.php\/wp-json\/wp\/v2\/users\/1"}],"replies":[{"embeddable":true,"href":"https:\/\/michallasota.pl\/index.php\/wp-json\/wp\/v2\/comments?post=547"}],"version-history":[{"count":7,"href":"https:\/\/michallasota.pl\/index.php\/wp-json\/wp\/v2\/pages\/547\/revisions"}],"predecessor-version":[{"id":556,"href":"https:\/\/michallasota.pl\/index.php\/wp-json\/wp\/v2\/pages\/547\/revisions\/556"}],"wp:attachment":[{"href":"https:\/\/michallasota.pl\/index.php\/wp-json\/wp\/v2\/media?parent=547"}],"curies":[{"name":"wp","href":"https:\/\/api.w.org\/{rel}","templated":true}]}}